{"id":7654,"date":"2023-01-23T06:38:45","date_gmt":"2023-01-23T05:38:45","guid":{"rendered":"https:\/\/umetnostbogastva.com\/vb\/?page_id=7654"},"modified":"2023-01-27T06:03:43","modified_gmt":"2023-01-27T05:03:43","slug":"nagradna-igra-izberi-knjigo","status":"publish","type":"page","link":"https:\/\/umetnostbogastva.com\/vb\/nagradna-igra-izberi-knjigo\/","title":{"rendered":"Nagradna igra \u00bbIZBERI KNJIGO\u00ab"},"content":{"rendered":"\t\t<div data-elementor-type=\"wp-page\" data-elementor-id=\"7654\" class=\"elementor elementor-7654\" data-elementor-settings=\"[]\">\n\t\t\t\t\t\t\t<div class=\"elementor-section-wrap\">\n\t\t\t\t\t\t\t<section class=\"elementor-section elementor-top-section elementor-element elementor-element-3d04993a elementor-section-height-min-height elementor-hidden-mobile elementor-section-boxed elementor-section-height-default elementor-section-items-middle\" data-id=\"3d04993a\" data-element_type=\"section\" data-settings=\"{&quot;background_background&quot;:&quot;classic&quot;,&quot;sticky&quot;:&quot;top&quot;,&quot;sticky_on&quot;:[&quot;desktop&quot;,&quot;tablet&quot;,&quot;mobile&quot;],&quot;sticky_offset&quot;:0,&quot;sticky_effects_offset&quot;:0}\">\n\t\t\t\t\t\t<div class=\"elementor-container elementor-column-gap-default\">\n\t\t\t\t\t<div class=\"elementor-column elementor-col-33 elementor-top-column elementor-element elementor-element-48869480\" data-id=\"48869480\" data-element_type=\"column\" data-settings=\"{&quot;background_background&quot;:&quot;classic&quot;}\">\n\t\t\t<div class=\"elementor-widget-wrap elementor-element-populated\">\n\t\t\t\t\t\t\t\t<div class=\"elementor-element elementor-element-4f9b046 elementor-icon-list--layout-traditional elementor-list-item-link-full_width elementor-widget elementor-widget-icon-list\" data-id=\"4f9b046\" data-element_type=\"widget\" data-widget_type=\"icon-list.default\">\n\t\t\t\t<div class=\"elementor-widget-container\">\n\t\t\t\t\t<ul class=\"elementor-icon-list-items\">\n\t\t\t\t\t\t\t<li class=\"elementor-icon-list-item\">\n\t\t\t\t\t\t\t\t\t\t\t<a href=\"tel:041319701\">\n\n\t\t\t\t\t\t\t\t\t\t\t<span class=\"elementor-icon-list-text\"><b>Nagradna igra<\/b> \u00bbIZBERI KNJIGO\u00ab<\/span>\n\t\t\t\t\t\t\t\t\t\t\t<\/a>\n\t\t\t\t\t\t\t\t\t<\/li>\n\t\t\t\t\t\t<\/ul>\n\t\t\t\t<\/div>\n\t\t\t\t<\/div>\n\t\t\t\t\t<\/div>\n\t\t<\/div>\n\t\t\t\t<div class=\"elementor-column elementor-col-33 elementor-top-column elementor-element elementor-element-2d1e7b4\" data-id=\"2d1e7b4\" data-element_type=\"column\">\n\t\t\t<div class=\"elementor-widget-wrap\">\n\t\t\t\t\t\t\t\t\t<\/div>\n\t\t<\/div>\n\t\t\t\t<div class=\"elementor-column elementor-col-33 elementor-top-column elementor-element elementor-element-ae0a128\" data-id=\"ae0a128\" data-element_type=\"column\">\n\t\t\t<div class=\"elementor-widget-wrap elementor-element-populated\">\n\t\t\t\t\t\t\t\t<div class=\"elementor-element elementor-element-0b0859b elementor-align-right elementor-widget elementor-widget-button\" data-id=\"0b0859b\" data-element_type=\"widget\" data-widget_type=\"button.default\">\n\t\t\t\t<div class=\"elementor-widget-container\">\n\t\t\t\t\t<div class=\"elementor-button-wrapper\">\n\t\t\t<a href=\"#raziskava\" class=\"elementor-button-link elementor-button elementor-size-sm\" role=\"button\">\n\t\t\t\t\t\t<span class=\"elementor-button-content-wrapper\">\n\t\t\t\t\t\t<span class=\"elementor-button-icon elementor-align-icon-right\">\n\t\t\t\t<i aria-hidden=\"true\" class=\"fas fa-arrow-circle-down\"><\/i>\t\t\t<\/span>\n\t\t\t\t\t\t<span class=\"elementor-button-text\">NAGRADNA IGRA<\/span>\n\t\t<\/span>\n\t\t\t\t\t<\/a>\n\t\t<\/div>\n\t\t\t\t<\/div>\n\t\t\t\t<\/div>\n\t\t\t\t\t<\/div>\n\t\t<\/div>\n\t\t\t\t\t\t\t<\/div>\n\t\t<\/section>\n\t\t\t\t<section class=\"elementor-section elementor-top-section elementor-element elementor-element-b504087 elementor-reverse-tablet elementor-reverse-mobile elementor-section-boxed elementor-section-height-default elementor-section-height-default\" data-id=\"b504087\" data-element_type=\"section\" data-settings=\"{&quot;background_background&quot;:&quot;classic&quot;}\">\n\t\t\t\t\t\t\t<div class=\"elementor-background-overlay\"><\/div>\n\t\t\t\t\t\t\t<div class=\"elementor-container elementor-column-gap-default\">\n\t\t\t\t\t<div class=\"elementor-column elementor-col-50 elementor-top-column elementor-element elementor-element-78a4284\" data-id=\"78a4284\" data-element_type=\"column\">\n\t\t\t<div class=\"elementor-widget-wrap elementor-element-populated\">\n\t\t\t\t\t\t\t\t<div class=\"elementor-element elementor-element-5c37a47 elementor-invisible elementor-widget elementor-widget-image\" data-id=\"5c37a47\" data-element_type=\"widget\" data-settings=\"{&quot;_animation&quot;:&quot;fadeInLeft&quot;}\" data-widget_type=\"image.default\">\n\t\t\t\t<div class=\"elementor-widget-container\">\n\t\t\t\t\t\t\t\t\t\t\t\t\t\t\t<img loading=\"lazy\" decoding=\"async\" width=\"800\" height=\"800\" src=\"https:\/\/umetnostbogastva.com\/vb\/wp-content\/uploads\/2023\/01\/Fortuna-objava-2-1024x1024.jpg\" class=\"attachment-large size-large\" alt=\"katero-knjigo-si-zelis-nagradna-igra-martin-korosec-knjige-za-duso\" srcset=\"https:\/\/umetnostbogastva.com\/vb\/wp-content\/uploads\/2023\/01\/Fortuna-objava-2-1024x1024.jpg 1024w, https:\/\/umetnostbogastva.com\/vb\/wp-content\/uploads\/2023\/01\/Fortuna-objava-2-300x300.jpg 300w, https:\/\/umetnostbogastva.com\/vb\/wp-content\/uploads\/2023\/01\/Fortuna-objava-2-150x150.jpg 150w, https:\/\/umetnostbogastva.com\/vb\/wp-content\/uploads\/2023\/01\/Fortuna-objava-2-768x768.jpg 768w, https:\/\/umetnostbogastva.com\/vb\/wp-content\/uploads\/2023\/01\/Fortuna-objava-2-600x600.jpg 600w, https:\/\/umetnostbogastva.com\/vb\/wp-content\/uploads\/2023\/01\/Fortuna-objava-2-100x100.jpg 100w, https:\/\/umetnostbogastva.com\/vb\/wp-content\/uploads\/2023\/01\/Fortuna-objava-2.jpg 1200w\" sizes=\"auto, (max-width: 800px) 100vw, 800px\" \/>\t\t\t\t\t\t\t\t\t\t\t\t\t\t\t<\/div>\n\t\t\t\t<\/div>\n\t\t\t\t\t<\/div>\n\t\t<\/div>\n\t\t\t\t<div class=\"elementor-column elementor-col-50 elementor-top-column elementor-element elementor-element-5fd7652\" data-id=\"5fd7652\" data-element_type=\"column\">\n\t\t\t<div class=\"elementor-widget-wrap elementor-element-populated\">\n\t\t\t\t\t\t\t\t<div class=\"elementor-element elementor-element-a112392 elementor-widget elementor-widget-heading\" data-id=\"a112392\" data-element_type=\"widget\" data-widget_type=\"heading.default\">\n\t\t\t\t<div class=\"elementor-widget-container\">\n\t\t\t<h1 class=\"elementor-heading-title elementor-size-default\"><b>Nagradna igra<\/b> \u00bbIZBERI KNJIGO\u00ab<\/h1>\t\t<\/div>\n\t\t\t\t<\/div>\n\t\t\t\t<div class=\"elementor-element elementor-element-9a859d8 elementor-widget elementor-widget-text-editor\" data-id=\"9a859d8\" data-element_type=\"widget\" data-widget_type=\"text-editor.default\">\n\t\t\t\t<div class=\"elementor-widget-container\">\n\t\t\t\t\t\t\t<p><strong>Namen projekta \u00bbIZBERI KNJIGO\u00ab je \u0161iriti finan\u010dno pismenost in osebnostno rast<\/strong> dru\u017ein in tiste, ki se izobra\u017eujejo tudi nagraditi.<\/p><p>Izpolnite spodnji obrazec in se vpi\u0161ite v \u017ereb. Ozna\u010dite tudi, katero knjigo si \u017eelite dobiti &#8211; na voljo so kar <strong>\u0161tirje bestseller naslovi.<\/strong><\/p><ul><li>Napoleon Hill: <strong>Think &amp; Grow Rich<\/strong><\/li><li>Rhonda Byrne: <strong>The Secret<\/strong><\/li><li>Robert T. Kiyosaki: <strong>Rich Dad, Poor Dad<\/strong><\/li><li>Jack Canfield &amp; Mark V. Hansen: <strong>Chicken Soup for the Soul<\/strong><\/li><\/ul>\t\t\t\t\t\t<\/div>\n\t\t\t\t<\/div>\n\t\t\t\t<div class=\"elementor-element elementor-element-49f2822 elementor-align-left elementor-icon-list--layout-traditional elementor-list-item-link-full_width elementor-widget elementor-widget-icon-list\" data-id=\"49f2822\" data-element_type=\"widget\" id=\"raziskava\" data-widget_type=\"icon-list.default\">\n\t\t\t\t<div class=\"elementor-widget-container\">\n\t\t\t\t\t<ul class=\"elementor-icon-list-items\">\n\t\t\t\t\t\t\t<li class=\"elementor-icon-list-item\">\n\t\t\t\t\t\t\t\t\t\t\t<span class=\"elementor-icon-list-icon\">\n\t\t\t\t\t\t\t<i aria-hidden=\"true\" class=\"fas fa-arrow-circle-right\"><\/i>\t\t\t\t\t\t<\/span>\n\t\t\t\t\t\t\t\t\t\t<span class=\"elementor-icon-list-text\">Izpolni spodnji obrazec in sodeluj v \u017erebu za knjigo!<\/span>\n\t\t\t\t\t\t\t\t\t<\/li>\n\t\t\t\t\t\t<\/ul>\n\t\t\t\t<\/div>\n\t\t\t\t<\/div>\n\t\t\t\t<div class=\"elementor-element elementor-element-edf2c87 elementor-button-align-end elementor-widget elementor-widget-form\" data-id=\"edf2c87\" data-element_type=\"widget\" data-settings=\"{&quot;step_next_label&quot;:&quot;Next&quot;,&quot;step_previous_label&quot;:&quot;Previous&quot;,&quot;button_width&quot;:&quot;100&quot;,&quot;step_type&quot;:&quot;number_text&quot;,&quot;step_icon_shape&quot;:&quot;circle&quot;}\" data-widget_type=\"form.default\">\n\t\t\t\t<div class=\"elementor-widget-container\">\n\t\t\t\t\t<form class=\"elementor-form\" method=\"post\" name=\"Nagradna igra: \u00bbIZBERI KNJIGO\u00ab\">\n\t\t\t<input type=\"hidden\" name=\"post_id\" value=\"7654\"\/>\n\t\t\t<input type=\"hidden\" name=\"form_id\" value=\"edf2c87\"\/>\n\t\t\t<input type=\"hidden\" name=\"referer_title\" value=\"Umetnost bogastva\" \/>\n\n\t\t\t\n\t\t\t<div class=\"elementor-form-fields-wrapper elementor-labels-above\">\n\t\t\t\t\t\t\t\t<div class=\"elementor-field-type-text elementor-field-group elementor-column elementor-field-group-name elementor-col-50 elementor-sm-50 elementor-field-required\">\n\t\t\t\t\t<input size=\"1\" type=\"text\" name=\"form_fields[name]\" id=\"form-field-name\" class=\"elementor-field elementor-size-sm  elementor-field-textual\" placeholder=\"Va\u0161e ime:\" required=\"required\" aria-required=\"true\">\t\t\t\t<\/div>\n\t\t\t\t\t\t\t\t<div class=\"elementor-field-type-email elementor-field-group elementor-column elementor-field-group-email elementor-col-50 elementor-sm-100 elementor-field-required\">\n\t\t\t\t\t<input size=\"1\" type=\"email\" name=\"form_fields[email]\" id=\"form-field-email\" class=\"elementor-field elementor-size-sm  elementor-field-textual\" placeholder=\"Va\u0161 e-naslov:\" required=\"required\" aria-required=\"true\">\t\t\t\t<\/div>\n\t\t\t\t\t\t\t\t<div class=\"elementor-field-type-tel elementor-field-group elementor-column elementor-field-group-field_3b5bb98 elementor-col-100\">\n\t\t\t\t\t<input size=\"1\" type=\"tel\" name=\"form_fields[field_3b5bb98]\" id=\"form-field-field_3b5bb98\" class=\"elementor-field elementor-size-sm  elementor-field-textual\" placeholder=\"Va\u0161a telefonska \u0161tevilka (opcijsko):\" pattern=\"[0-9()#&amp;+*-=.]+\" title=\"Only numbers and phone characters (#, -, *, etc) are accepted.\">\t\t\t\t<\/div>\n\t\t\t\t\t\t\t\t<div class=\"elementor-field-type-select elementor-field-group elementor-column elementor-field-group-field_11e44c6 elementor-col-100 elementor-field-required\">\n\t\t\t\t\t<label for=\"form-field-field_11e44c6\" class=\"elementor-field-label\"><b>Izberite knjigo, ki si jo \u017eelite:<\/b><\/label>\t\t<div class=\"elementor-field elementor-select-wrapper \">\n\t\t\t<select name=\"form_fields[field_11e44c6]\" id=\"form-field-field_11e44c6\" class=\"elementor-field-textual elementor-size-sm\" required=\"required\" aria-required=\"true\">\n\t\t\t\t<option value=\"Izberite ...\">Izberite ...<\/option><option value=\"Napoleon Hill: Think &amp; Grow Rich\">Napoleon Hill: Think &amp; Grow Rich<\/option><option value=\"Rhonda Byrne: The Secret\">Rhonda Byrne: The Secret<\/option><option value=\"Robert T. Kiyosaki: Rich Dad, Poor Dad\">Robert T. Kiyosaki: Rich Dad, Poor Dad<\/option><option value=\"Jack Canfield &amp; Mark V. Hansen: Chicken Soup for the Soul\">Jack Canfield &amp; Mark V. Hansen: Chicken Soup for the Soul<\/option>\t\t\t<\/select>\n\t\t<\/div>\n\t\t\t\t\t\t<\/div>\n\t\t\t\t\t\t\t\t<div class=\"elementor-field-type-recaptcha elementor-field-group elementor-column elementor-field-group-field_9142b21 elementor-col-100\">\n\t\t\t\t\t<div class=\"elementor-field\" id=\"form-field-field_9142b21\"><div class=\"elementor-g-recaptcha\" data-sitekey=\"6LfTMBwkAAAAAGVCuvIH-Z-mWMglMSWlcTmEKI9j\" data-type=\"v2_checkbox\" data-theme=\"light\" data-size=\"normal\"><\/div><\/div>\t\t\t\t<\/div>\n\t\t\t\t\t\t\t\t<div class=\"elementor-field-type-checkbox elementor-field-group elementor-column elementor-field-group-field_909ce84 elementor-col-100\">\n\t\t\t\t\t<div class=\"elementor-field-subgroup  \"><span class=\"elementor-field-option\"><input type=\"checkbox\" value=\"Strinjam se s &lt;a style=&quot;color: #fc6900;&quot; href=&quot;https:\/\/umetnostbogastva.com\/vb\/pravila-nagradna-igra-izberi-knjigo\/&quot;&gt;pravili nagradne igre&lt;\/a&gt;, &lt;a style=&quot;color: #fc6900;&quot; href=&quot;https:\/\/umetnostbogastva.com\/vb\/splosni-pogoji\/&quot;&gt;splo\u0161nimi pogoji&lt;\/a&gt; in prejemanjem obvestil.\" id=\"form-field-field_909ce84-0\" name=\"form_fields[field_909ce84]\"> <label for=\"form-field-field_909ce84-0\">Strinjam se s <a style=\"color: #fc6900;\" href=\"https:\/\/umetnostbogastva.com\/vb\/pravila-nagradna-igra-izberi-knjigo\/\">pravili nagradne igre<\/a>, <a style=\"color: #fc6900;\" href=\"https:\/\/umetnostbogastva.com\/vb\/splosni-pogoji\/\">splo\u0161nimi pogoji<\/a> in prejemanjem obvestil.<\/label><\/span><\/div>\t\t\t\t<\/div>\n\t\t\t\t\t\t\t\t<div class=\"elementor-field-group elementor-column elementor-field-type-submit elementor-col-100 e-form__buttons\">\n\t\t\t\t\t<button type=\"submit\" class=\"elementor-button elementor-size-md\">\n\t\t\t\t\t\t<span >\n\t\t\t\t\t\t\t\t\t\t\t\t\t\t\t<span class=\"elementor-align-icon-right elementor-button-icon\">\n\t\t\t\t\t\t\t\t\t<i aria-hidden=\"true\" class=\"fas fa-arrow-circle-right\"><\/i>\t\t\t\t\t\t\t\t\t\t\t\t\t\t\t\t\t<\/span>\n\t\t\t\t\t\t\t\t\t\t\t\t\t\t\t\t\t\t\t\t\t\t<span class=\"elementor-button-text\">SHRANI PODATKE & SODELUJ V \u017dREBU!<\/span>\n\t\t\t\t\t\t\t\t\t\t\t\t\t<\/span>\n\t\t\t\t\t<\/button>\n\t\t\t\t<\/div>\n\t\t\t<\/div>\n\t\t<\/form>\n\t\t\t\t<\/div>\n\t\t\t\t<\/div>\n\t\t\t\t\t<\/div>\n\t\t<\/div>\n\t\t\t\t\t\t\t<\/div>\n\t\t<\/section>\n\t\t\t\t<section class=\"elementor-section elementor-top-section elementor-element elementor-element-fb2790a elementor-section-full_width elementor-section-height-default elementor-section-height-default\" data-id=\"fb2790a\" data-element_type=\"section\" data-settings=\"{&quot;background_background&quot;:&quot;classic&quot;}\">\n\t\t\t\t\t\t<div class=\"elementor-container elementor-column-gap-default\">\n\t\t\t\t\t<div class=\"elementor-column elementor-col-100 elementor-top-column elementor-element elementor-element-aff4154\" data-id=\"aff4154\" data-element_type=\"column\">\n\t\t\t<div class=\"elementor-widget-wrap elementor-element-populated\">\n\t\t\t\t\t\t\t\t<div class=\"elementor-element elementor-element-1a8072a elementor-invisible elementor-widget elementor-widget-text-editor\" data-id=\"1a8072a\" data-element_type=\"widget\" data-settings=\"{&quot;_animation&quot;:&quot;fadeInUp&quot;,&quot;_animation_delay&quot;:100}\" data-widget_type=\"text-editor.default\">\n\t\t\t\t<div class=\"elementor-widget-container\">\n\t\t\t\t\t\t\tCopyright 2023 | Umetnost bogastva | <a style=\"color: #fc6900;\" href=\"https:\/\/umetnostbogastva.com\/vb\/splosni-pogoji\/\">SPLO\u0160NI POGOJI POSLOVANJA<\/a>\u00a0|\u00a0<a style=\"color: #fc6900;\" href=\"https:\/\/umetnostbogastva.com\/vb\/pravilnik-o-zavarovanju-osebnih-podatkov\/\">PRAVILNIK O VAROVANJU OSEBNIH PODATKOV<\/a> |\u00a0<a style=\"color: #fc6900;\" href=\"https:\/\/umetnostbogastva.com\/vb\/politika-varstva-osebnih-podatkov\/\">POLITIKA VARSTVA OSEBNIH PODATKOV<\/a> | <a style=\"color: #fc6900;\" href=\"https:\/\/umetnostbogastva.com\/vb\/pravila-nagradna-igra-izberi-knjigo\/\">NAGRADNA IGRA \u00bbIZBERI KNJIGO\u00ab<\/a>\t\t\t\t\t\t<\/div>\n\t\t\t\t<\/div>\n\t\t\t\t\t<\/div>\n\t\t<\/div>\n\t\t\t\t\t\t\t<\/div>\n\t\t<\/section>\n\t\t\t\t<section class=\"elementor-section elementor-top-section elementor-element elementor-element-9358612 elementor-section-full_width elementor-section-height-default elementor-section-height-default\" data-id=\"9358612\" data-element_type=\"section\" data-settings=\"{&quot;background_background&quot;:&quot;classic&quot;}\">\n\t\t\t\t\t\t<div class=\"elementor-container elementor-column-gap-default\">\n\t\t\t\t\t<div class=\"elementor-column elementor-col-100 elementor-top-column elementor-element elementor-element-d010543\" data-id=\"d010543\" data-element_type=\"column\">\n\t\t\t<div class=\"elementor-widget-wrap elementor-element-populated\">\n\t\t\t\t\t\t\t\t<div class=\"elementor-element elementor-element-e6ced50 elementor-invisible elementor-widget elementor-widget-text-editor\" data-id=\"e6ced50\" data-element_type=\"widget\" data-settings=\"{&quot;_animation&quot;:&quot;fadeInUp&quot;,&quot;_animation_delay&quot;:100}\" data-widget_type=\"text-editor.default\">\n\t\t\t\t<div class=\"elementor-widget-container\">\n\t\t\t\t\t\t\t<p>Vsi izra\u010duni in rezultati v knjigi opisanih tehnik so primeri in niso garancija za rezultate v prihodnosti ali za vse uporabnike. Avtor Martin Koro\u0161ec, uradni zastopniki zalo\u017enika in podjetje niso finan\u010dni svetovalci, borzni posredniki ali registrirani investicijski svetovalci.<br \/>Vse vrste investicij ali poimensko izpostavljena podjetja ali finan\u010dnih in\u0161trumentov so predstavljeni zgolj za izobra\u017eevalne namene in ne z namenom priporo\u010danja za nakup. Pred investicijo se posvetujte z izbranim licenciranim svetovalcem.<\/p>\t\t\t\t\t\t<\/div>\n\t\t\t\t<\/div>\n\t\t\t\t\t<\/div>\n\t\t<\/div>\n\t\t\t\t\t\t\t<\/div>\n\t\t<\/section>\n\t\t\t\t\t\t<\/div>\n\t\t\t\t\t<\/div>\n\t\t","protected":false},"excerpt":{"rendered":"<p>Nagradna igra \u00bbIZBERI KNJIGO\u00ab NAGRADNA IGRA Nagradna igra \u00bbIZBERI KNJIGO\u00ab Namen projekta \u00bbIZBERI KNJIGO\u00ab je \u0161iriti finan\u010dno pismenost in osebnostno rast dru\u017ein in tiste, ki se izobra\u017eujejo tudi nagraditi. Izpolnite spodnji obrazec in se vpi\u0161ite v \u017ereb. Ozna\u010dite tudi, katero knjigo si \u017eelite dobiti &#8211; na voljo so kar \u0161tirje bestseller naslovi. Napoleon Hill: Think [&hellip;]<\/p>\n","protected":false},"author":1,"featured_media":0,"parent":0,"menu_order":0,"comment_status":"closed","ping_status":"closed","template":"elementor_canvas","meta":{"footnotes":""},"class_list":["post-7654","page","type-page","status-publish","hentry"],"yoast_head":"<!-- This site is optimized with the Yoast SEO plugin v19.11 - https:\/\/yoast.com\/wordpress\/plugins\/seo\/ -->\n<title>Nagradna igra \u00bbIZBERI KNJIGO\u00ab - Umetnost bogastva<\/title>\n<meta name=\"robots\" content=\"index, follow, max-snippet:-1, max-image-preview:large, max-video-preview:-1\" \/>\n<link rel=\"canonical\" href=\"https:\/\/umetnostbogastva.com\/vb\/nagradna-igra-izberi-knjigo\/\" \/>\n<meta property=\"og:locale\" content=\"sl_SI\" \/>\n<meta property=\"og:type\" content=\"article\" \/>\n<meta property=\"og:title\" content=\"Nagradna igra \u00bbIZBERI KNJIGO\u00ab - Umetnost bogastva\" \/>\n<meta property=\"og:description\" content=\"Nagradna igra \u00bbIZBERI KNJIGO\u00ab NAGRADNA IGRA Nagradna igra \u00bbIZBERI KNJIGO\u00ab Namen projekta \u00bbIZBERI KNJIGO\u00ab je \u0161iriti finan\u010dno pismenost in osebnostno rast dru\u017ein in tiste, ki se izobra\u017eujejo tudi nagraditi. Izpolnite spodnji obrazec in se vpi\u0161ite v \u017ereb. Ozna\u010dite tudi, katero knjigo si \u017eelite dobiti &#8211; na voljo so kar \u0161tirje bestseller naslovi. Napoleon Hill: Think [&hellip;]\" \/>\n<meta property=\"og:url\" content=\"https:\/\/umetnostbogastva.com\/vb\/nagradna-igra-izberi-knjigo\/\" \/>\n<meta property=\"og:site_name\" content=\"Umetnost bogastva\" \/>\n<meta property=\"article:modified_time\" content=\"2023-01-27T05:03:43+00:00\" \/>\n<meta property=\"og:image\" content=\"https:\/\/umetnostbogastva.com\/vb\/wp-content\/uploads\/2023\/01\/Fortuna-objava-2-1024x1024.jpg\" \/>\n<meta name=\"twitter:card\" content=\"summary_large_image\" \/>\n<meta name=\"twitter:label1\" content=\"Est. reading time\" \/>\n\t<meta name=\"twitter:data1\" content=\"2 minuti\" \/>\n<script type=\"application\/ld+json\" class=\"yoast-schema-graph\">{\"@context\":\"https:\/\/schema.org\",\"@graph\":[{\"@type\":\"WebPage\",\"@id\":\"https:\/\/umetnostbogastva.com\/vb\/nagradna-igra-izberi-knjigo\/\",\"url\":\"https:\/\/umetnostbogastva.com\/vb\/nagradna-igra-izberi-knjigo\/\",\"name\":\"Nagradna igra \u00bbIZBERI KNJIGO\u00ab - Umetnost bogastva\",\"isPartOf\":{\"@id\":\"https:\/\/umetnostbogastva.com\/vb\/#website\"},\"datePublished\":\"2023-01-23T05:38:45+00:00\",\"dateModified\":\"2023-01-27T05:03:43+00:00\",\"breadcrumb\":{\"@id\":\"https:\/\/umetnostbogastva.com\/vb\/nagradna-igra-izberi-knjigo\/#breadcrumb\"},\"inLanguage\":\"sl-SI\",\"potentialAction\":[{\"@type\":\"ReadAction\",\"target\":[\"https:\/\/umetnostbogastva.com\/vb\/nagradna-igra-izberi-knjigo\/\"]}]},{\"@type\":\"BreadcrumbList\",\"@id\":\"https:\/\/umetnostbogastva.com\/vb\/nagradna-igra-izberi-knjigo\/#breadcrumb\",\"itemListElement\":[{\"@type\":\"ListItem\",\"position\":1,\"name\":\"Home\",\"item\":\"https:\/\/umetnostbogastva.com\/vb\/\"},{\"@type\":\"ListItem\",\"position\":2,\"name\":\"Nagradna igra \u00bbIZBERI KNJIGO\u00ab\"}]},{\"@type\":\"WebSite\",\"@id\":\"https:\/\/umetnostbogastva.com\/vb\/#website\",\"url\":\"https:\/\/umetnostbogastva.com\/vb\/\",\"name\":\"Umetnost bogastva\",\"description\":\"UMETNOST BOGASTVA v 7 stopnjah  za obi\u010dajne ljudi \",\"potentialAction\":[{\"@type\":\"SearchAction\",\"target\":{\"@type\":\"EntryPoint\",\"urlTemplate\":\"https:\/\/umetnostbogastva.com\/vb\/?s={search_term_string}\"},\"query-input\":\"required name=search_term_string\"}],\"inLanguage\":\"sl-SI\"}]}<\/script>\n<!-- \/ Yoast SEO plugin. -->","yoast_head_json":{"title":"Nagradna igra \u00bbIZBERI KNJIGO\u00ab - Umetnost bogastva","robots":{"index":"index","follow":"follow","max-snippet":"max-snippet:-1","max-image-preview":"max-image-preview:large","max-video-preview":"max-video-preview:-1"},"canonical":"https:\/\/umetnostbogastva.com\/vb\/nagradna-igra-izberi-knjigo\/","og_locale":"sl_SI","og_type":"article","og_title":"Nagradna igra \u00bbIZBERI KNJIGO\u00ab - Umetnost bogastva","og_description":"Nagradna igra \u00bbIZBERI KNJIGO\u00ab NAGRADNA IGRA Nagradna igra \u00bbIZBERI KNJIGO\u00ab Namen projekta \u00bbIZBERI KNJIGO\u00ab je \u0161iriti finan\u010dno pismenost in osebnostno rast dru\u017ein in tiste, ki se izobra\u017eujejo tudi nagraditi. Izpolnite spodnji obrazec in se vpi\u0161ite v \u017ereb. Ozna\u010dite tudi, katero knjigo si \u017eelite dobiti &#8211; na voljo so kar \u0161tirje bestseller naslovi. Napoleon Hill: Think [&hellip;]","og_url":"https:\/\/umetnostbogastva.com\/vb\/nagradna-igra-izberi-knjigo\/","og_site_name":"Umetnost bogastva","article_modified_time":"2023-01-27T05:03:43+00:00","og_image":[{"url":"https:\/\/umetnostbogastva.com\/vb\/wp-content\/uploads\/2023\/01\/Fortuna-objava-2-1024x1024.jpg"}],"twitter_card":"summary_large_image","twitter_misc":{"Est. reading time":"2 minuti"},"schema":{"@context":"https:\/\/schema.org","@graph":[{"@type":"WebPage","@id":"https:\/\/umetnostbogastva.com\/vb\/nagradna-igra-izberi-knjigo\/","url":"https:\/\/umetnostbogastva.com\/vb\/nagradna-igra-izberi-knjigo\/","name":"Nagradna igra \u00bbIZBERI KNJIGO\u00ab - Umetnost bogastva","isPartOf":{"@id":"https:\/\/umetnostbogastva.com\/vb\/#website"},"datePublished":"2023-01-23T05:38:45+00:00","dateModified":"2023-01-27T05:03:43+00:00","breadcrumb":{"@id":"https:\/\/umetnostbogastva.com\/vb\/nagradna-igra-izberi-knjigo\/#breadcrumb"},"inLanguage":"sl-SI","potentialAction":[{"@type":"ReadAction","target":["https:\/\/umetnostbogastva.com\/vb\/nagradna-igra-izberi-knjigo\/"]}]},{"@type":"BreadcrumbList","@id":"https:\/\/umetnostbogastva.com\/vb\/nagradna-igra-izberi-knjigo\/#breadcrumb","itemListElement":[{"@type":"ListItem","position":1,"name":"Home","item":"https:\/\/umetnostbogastva.com\/vb\/"},{"@type":"ListItem","position":2,"name":"Nagradna igra \u00bbIZBERI KNJIGO\u00ab"}]},{"@type":"WebSite","@id":"https:\/\/umetnostbogastva.com\/vb\/#website","url":"https:\/\/umetnostbogastva.com\/vb\/","name":"Umetnost bogastva","description":"UMETNOST BOGASTVA v 7 stopnjah  za obi\u010dajne ljudi ","potentialAction":[{"@type":"SearchAction","target":{"@type":"EntryPoint","urlTemplate":"https:\/\/umetnostbogastva.com\/vb\/?s={search_term_string}"},"query-input":"required name=search_term_string"}],"inLanguage":"sl-SI"}]}},"_links":{"self":[{"href":"https:\/\/umetnostbogastva.com\/vb\/wp-json\/wp\/v2\/pages\/7654","targetHints":{"allow":["GET"]}}],"collection":[{"href":"https:\/\/umetnostbogastva.com\/vb\/wp-json\/wp\/v2\/pages"}],"about":[{"href":"https:\/\/umetnostbogastva.com\/vb\/wp-json\/wp\/v2\/types\/page"}],"author":[{"embeddable":true,"href":"https:\/\/umetnostbogastva.com\/vb\/wp-json\/wp\/v2\/users\/1"}],"replies":[{"embeddable":true,"href":"https:\/\/umetnostbogastva.com\/vb\/wp-json\/wp\/v2\/comments?post=7654"}],"version-history":[{"count":32,"href":"https:\/\/umetnostbogastva.com\/vb\/wp-json\/wp\/v2\/pages\/7654\/revisions"}],"predecessor-version":[{"id":7795,"href":"https:\/\/umetnostbogastva.com\/vb\/wp-json\/wp\/v2\/pages\/7654\/revisions\/7795"}],"wp:attachment":[{"href":"https:\/\/umetnostbogastva.com\/vb\/wp-json\/wp\/v2\/media?parent=7654"}],"curies":[{"name":"wp","href":"https:\/\/api.w.org\/{rel}","templated":true}]}}