{"id":1057,"date":"2021-11-29T07:55:07","date_gmt":"2021-11-29T06:55:07","guid":{"rendered":"https:\/\/umetnostbogastva.com\/vb\/?page_id=1057"},"modified":"2021-12-14T12:45:55","modified_gmt":"2021-12-14T11:45:55","slug":"prijava-je-uspesna","status":"publish","type":"page","link":"https:\/\/umetnostbogastva.com\/vb\/prijava-je-uspesna\/","title":{"rendered":"Urgentni webinar &#8211; prijava-je-uspesna"},"content":{"rendered":"\t\t<div data-elementor-type=\"wp-page\" data-elementor-id=\"1057\" class=\"elementor elementor-1057\" data-elementor-settings=\"[]\">\n\t\t\t\t\t\t\t<div class=\"elementor-section-wrap\">\n\t\t\t\t\t\t\t<section class=\"elementor-section elementor-top-section elementor-element elementor-element-1fae16b elementor-section-boxed elementor-section-height-default elementor-section-height-default\" data-id=\"1fae16b\" data-element_type=\"section\" data-settings=\"{&quot;background_background&quot;:&quot;classic&quot;}\">\n\t\t\t\t\t\t\t<div class=\"elementor-background-overlay\"><\/div>\n\t\t\t\t\t\t\t<div class=\"elementor-container elementor-column-gap-default\">\n\t\t\t\t\t<div class=\"elementor-column elementor-col-100 elementor-top-column elementor-element elementor-element-d23e09a\" data-id=\"d23e09a\" data-element_type=\"column\" data-settings=\"{&quot;background_background&quot;:&quot;classic&quot;}\">\n\t\t\t<div class=\"elementor-widget-wrap elementor-element-populated\">\n\t\t\t\t\t\t\t\t<div class=\"elementor-element elementor-element-a93188c elementor-invisible elementor-widget elementor-widget-heading\" data-id=\"a93188c\" data-element_type=\"widget\" data-settings=\"{&quot;_animation&quot;:&quot;fadeInUp&quot;}\" data-widget_type=\"heading.default\">\n\t\t\t\t<div class=\"elementor-widget-container\">\n\t\t\t<h2 class=\"elementor-heading-title elementor-size-default\">\u010cestitamo.<\/h2>\t\t<\/div>\n\t\t\t\t<\/div>\n\t\t\t\t<div class=\"elementor-element elementor-element-864163f elementor-widget-divider--view-line elementor-invisible elementor-widget elementor-widget-divider\" data-id=\"864163f\" data-element_type=\"widget\" data-settings=\"{&quot;_animation&quot;:&quot;fadeInDown&quot;}\" data-widget_type=\"divider.default\">\n\t\t\t\t<div class=\"elementor-widget-container\">\n\t\t\t\t\t<div class=\"elementor-divider\">\n\t\t\t<span class=\"elementor-divider-separator\">\n\t\t\t\t\t\t<\/span>\n\t\t<\/div>\n\t\t\t\t<\/div>\n\t\t\t\t<\/div>\n\t\t\t\t<div class=\"elementor-element elementor-element-0d22944 elementor-invisible elementor-widget elementor-widget-text-editor\" data-id=\"0d22944\" data-element_type=\"widget\" data-settings=\"{&quot;_animation&quot;:&quot;fadeInUp&quot;,&quot;_animation_delay&quot;:100}\" data-widget_type=\"text-editor.default\">\n\t\t\t\t<div class=\"elementor-widget-container\">\n\t\t\t\t\t\t\tUspe\u0161no ste se prijavili na webinar Umetnost bogastva. \n<br><br>\n\u017delite izvedeti VSE, kar morajo narediti obi\u010dajni ljudje v krizi, da re\u0161ijo svoje prihranke in naredijo prave poteze za svoj prvi milijon?\t\t\t\t\t\t<\/div>\n\t\t\t\t<\/div>\n\t\t\t\t<div class=\"elementor-element elementor-element-b10b147 elementor-align-center elementor-widget elementor-widget-button\" data-id=\"b10b147\" data-element_type=\"widget\" data-widget_type=\"button.default\">\n\t\t\t\t<div class=\"elementor-widget-container\">\n\t\t\t\t\t<div class=\"elementor-button-wrapper\">\n\t\t\t<a href=\"http:\/\/www.umetnostbogastva.com\" target=\"_blank\" class=\"elementor-button-link elementor-button elementor-size-sm\" role=\"button\">\n\t\t\t\t\t\t<span class=\"elementor-button-content-wrapper\">\n\t\t\t\t\t\t<span class=\"elementor-button-text\">Izvedite vse<\/span>\n\t\t<\/span>\n\t\t\t\t\t<\/a>\n\t\t<\/div>\n\t\t\t\t<\/div>\n\t\t\t\t<\/div>\n\t\t\t\t\t<\/div>\n\t\t<\/div>\n\t\t\t\t\t\t\t<\/div>\n\t\t<\/section>\n\t\t\t\t<section class=\"elementor-section elementor-top-section elementor-element elementor-element-3b82e812 elementor-section-content-middle elementor-section-full_width elementor-section-height-default elementor-section-height-default\" data-id=\"3b82e812\" data-element_type=\"section\" data-settings=\"{&quot;background_background&quot;:&quot;classic&quot;}\">\n\t\t\t\t\t\t\t<div class=\"elementor-background-overlay\"><\/div>\n\t\t\t\t\t\t\t<div class=\"elementor-container elementor-column-gap-default\">\n\t\t\t\t\t<div class=\"elementor-column elementor-col-100 elementor-top-column elementor-element elementor-element-f0e7ff5\" data-id=\"f0e7ff5\" data-element_type=\"column\">\n\t\t\t<div class=\"elementor-widget-wrap\">\n\t\t\t\t\t\t\t\t\t<\/div>\n\t\t<\/div>\n\t\t\t\t\t\t\t<\/div>\n\t\t<\/section>\n\t\t\t\t<section class=\"elementor-section elementor-top-section elementor-element elementor-element-fb2790a elementor-section-boxed elementor-section-height-default elementor-section-height-default\" data-id=\"fb2790a\" data-element_type=\"section\" data-settings=\"{&quot;background_background&quot;:&quot;classic&quot;}\">\n\t\t\t\t\t\t<div class=\"elementor-container elementor-column-gap-default\">\n\t\t\t\t\t<div class=\"elementor-column elementor-col-100 elementor-top-column elementor-element elementor-element-aff4154\" data-id=\"aff4154\" data-element_type=\"column\">\n\t\t\t<div class=\"elementor-widget-wrap elementor-element-populated\">\n\t\t\t\t\t\t\t\t<section class=\"elementor-section elementor-inner-section elementor-element elementor-element-c204212 elementor-section-full_width elementor-section-height-default elementor-section-height-default\" data-id=\"c204212\" data-element_type=\"section\">\n\t\t\t\t\t\t<div class=\"elementor-container elementor-column-gap-default\">\n\t\t\t\t\t<div class=\"elementor-column elementor-col-100 elementor-inner-column elementor-element elementor-element-5eea2e6\" data-id=\"5eea2e6\" data-element_type=\"column\">\n\t\t\t<div class=\"elementor-widget-wrap elementor-element-populated\">\n\t\t\t\t\t\t\t\t<div class=\"elementor-element elementor-element-a83fec6 elementor-invisible elementor-widget elementor-widget-text-editor\" data-id=\"a83fec6\" data-element_type=\"widget\" data-settings=\"{&quot;_animation&quot;:&quot;fadeInUp&quot;,&quot;_animation_delay&quot;:100}\" data-widget_type=\"text-editor.default\">\n\t\t\t\t<div class=\"elementor-widget-container\">\n\t\t\t\t\t\t\t<p>Copyright 2021 | Umetnost bogastva | <a style=\"color: #fc6900;\" href=\"https:\/\/umetnostbogastva.com\/vb\/splosni-pogoji\/\">Splo\u0161ni pogoji poslovanja<\/a>\u00a0|\u00a0<a style=\"color: #fc6900;\" href=\"https:\/\/umetnostbogastva.com\/vb\/pravilnik-o-zavarovanju-osebnih-podatkov\/\">PRAVILNIK O VAROVANJU OSEBNIH PODATKOV<\/a> |<br \/><a style=\"color: #fc6900;\" href=\"https:\/\/umetnostbogastva.com\/vb\/politika-varstva-osebnih-podatkov\/\">POLITIKA VARSTVA OSEBNIH PODATKOV<\/a><\/p>\t\t\t\t\t\t<\/div>\n\t\t\t\t<\/div>\n\t\t\t\t\t<\/div>\n\t\t<\/div>\n\t\t\t\t\t\t\t<\/div>\n\t\t<\/section>\n\t\t\t\t\t<\/div>\n\t\t<\/div>\n\t\t\t\t\t\t\t<\/div>\n\t\t<\/section>\n\t\t\t\t<section class=\"elementor-section elementor-top-section elementor-element elementor-element-9358612 elementor-section-boxed elementor-section-height-default elementor-section-height-default\" data-id=\"9358612\" data-element_type=\"section\" data-settings=\"{&quot;background_background&quot;:&quot;classic&quot;}\">\n\t\t\t\t\t\t<div class=\"elementor-container elementor-column-gap-default\">\n\t\t\t\t\t<div class=\"elementor-column elementor-col-100 elementor-top-column elementor-element elementor-element-d010543\" data-id=\"d010543\" data-element_type=\"column\">\n\t\t\t<div class=\"elementor-widget-wrap elementor-element-populated\">\n\t\t\t\t\t\t\t\t<section class=\"elementor-section elementor-inner-section elementor-element elementor-element-683e3e5 elementor-section-full_width elementor-section-height-default elementor-section-height-default\" data-id=\"683e3e5\" data-element_type=\"section\">\n\t\t\t\t\t\t<div class=\"elementor-container elementor-column-gap-default\">\n\t\t\t\t\t<div class=\"elementor-column elementor-col-100 elementor-inner-column elementor-element elementor-element-ad99fa2\" data-id=\"ad99fa2\" data-element_type=\"column\">\n\t\t\t<div class=\"elementor-widget-wrap elementor-element-populated\">\n\t\t\t\t\t\t\t\t<div class=\"elementor-element elementor-element-dae01e5 elementor-invisible elementor-widget elementor-widget-text-editor\" data-id=\"dae01e5\" data-element_type=\"widget\" data-settings=\"{&quot;_animation&quot;:&quot;fadeInUp&quot;,&quot;_animation_delay&quot;:100}\" data-widget_type=\"text-editor.default\">\n\t\t\t\t<div class=\"elementor-widget-container\">\n\t\t\t\t\t\t\t<p>Vsi izra\u010duni in rezultati v knjigi opisanih tehnik so primeri in niso garancija za rezultate v prihodnosti ali za vse uporabnike. Avtor Martin Koro\u0161ec, uradni zastopniki zalo\u017enika in podjetje niso finan\u010dni svetovalci, borzni posredniki ali registrirani investicijski svetovalci. Vse vrste investicij ali poimensko izpostavljena podjetja ali finan\u010dnih in\u0161trumentov so predstavljeni zgolj za izobra\u017eevalne namene in ne z namenom priporo\u010danja za nakup. Pred investicijo se posvetujte z izbranim licenciranim svetovalcem. \u00a0<\/p>\t\t\t\t\t\t<\/div>\n\t\t\t\t<\/div>\n\t\t\t\t\t<\/div>\n\t\t<\/div>\n\t\t\t\t\t\t\t<\/div>\n\t\t<\/section>\n\t\t\t\t\t<\/div>\n\t\t<\/div>\n\t\t\t\t\t\t\t<\/div>\n\t\t<\/section>\n\t\t\t\t\t\t<\/div>\n\t\t\t\t\t<\/div>\n\t\t","protected":false},"excerpt":{"rendered":"<p>\u010cestitamo. Uspe\u0161no ste se prijavili na webinar Umetnost bogastva. \u017delite izvedeti VSE, kar morajo narediti obi\u010dajni ljudje v krizi, da re\u0161ijo svoje prihranke in naredijo prave poteze za svoj prvi milijon? Izvedite vse Copyright 2021 | Umetnost bogastva | Splo\u0161ni pogoji poslovanja&nbsp;|&nbsp;PRAVILNIK O VAROVANJU OSEBNIH PODATKOV | POLITIKA VARSTVA OSEBNIH PODATKOV Vsi izra\u010duni in rezultati [&hellip;]<\/p>\n","protected":false},"author":1,"featured_media":0,"parent":0,"menu_order":0,"comment_status":"closed","ping_status":"closed","template":"elementor_canvas","meta":{"footnotes":""},"class_list":["post-1057","page","type-page","status-publish","hentry"],"yoast_head":"<!-- This site is optimized with the Yoast SEO plugin v19.11 - https:\/\/yoast.com\/wordpress\/plugins\/seo\/ -->\n<title>Urgentni webinar - prijava-je-uspesna - Umetnost bogastva<\/title>\n<meta name=\"robots\" content=\"index, follow, max-snippet:-1, max-image-preview:large, max-video-preview:-1\" \/>\n<link rel=\"canonical\" href=\"https:\/\/umetnostbogastva.com\/vb\/prijava-je-uspesna\/\" \/>\n<meta property=\"og:locale\" content=\"sl_SI\" \/>\n<meta property=\"og:type\" content=\"article\" \/>\n<meta property=\"og:title\" content=\"Urgentni webinar - prijava-je-uspesna - Umetnost bogastva\" \/>\n<meta property=\"og:description\" content=\"\u010cestitamo. Uspe\u0161no ste se prijavili na webinar Umetnost bogastva. \u017delite izvedeti VSE, kar morajo narediti obi\u010dajni ljudje v krizi, da re\u0161ijo svoje prihranke in naredijo prave poteze za svoj prvi milijon? Izvedite vse Copyright 2021 | Umetnost bogastva | Splo\u0161ni pogoji poslovanja&nbsp;|&nbsp;PRAVILNIK O VAROVANJU OSEBNIH PODATKOV | POLITIKA VARSTVA OSEBNIH PODATKOV Vsi izra\u010duni in rezultati [&hellip;]\" \/>\n<meta property=\"og:url\" content=\"https:\/\/umetnostbogastva.com\/vb\/prijava-je-uspesna\/\" \/>\n<meta property=\"og:site_name\" content=\"Umetnost bogastva\" \/>\n<meta property=\"article:modified_time\" content=\"2021-12-14T11:45:55+00:00\" \/>\n<meta name=\"twitter:card\" content=\"summary_large_image\" \/>\n<meta name=\"twitter:label1\" content=\"Est. reading time\" \/>\n\t<meta name=\"twitter:data1\" content=\"1 minuta\" \/>\n<script type=\"application\/ld+json\" class=\"yoast-schema-graph\">{\"@context\":\"https:\/\/schema.org\",\"@graph\":[{\"@type\":\"WebPage\",\"@id\":\"https:\/\/umetnostbogastva.com\/vb\/prijava-je-uspesna\/\",\"url\":\"https:\/\/umetnostbogastva.com\/vb\/prijava-je-uspesna\/\",\"name\":\"Urgentni webinar - prijava-je-uspesna - Umetnost bogastva\",\"isPartOf\":{\"@id\":\"https:\/\/umetnostbogastva.com\/vb\/#website\"},\"datePublished\":\"2021-11-29T06:55:07+00:00\",\"dateModified\":\"2021-12-14T11:45:55+00:00\",\"breadcrumb\":{\"@id\":\"https:\/\/umetnostbogastva.com\/vb\/prijava-je-uspesna\/#breadcrumb\"},\"inLanguage\":\"sl-SI\",\"potentialAction\":[{\"@type\":\"ReadAction\",\"target\":[\"https:\/\/umetnostbogastva.com\/vb\/prijava-je-uspesna\/\"]}]},{\"@type\":\"BreadcrumbList\",\"@id\":\"https:\/\/umetnostbogastva.com\/vb\/prijava-je-uspesna\/#breadcrumb\",\"itemListElement\":[{\"@type\":\"ListItem\",\"position\":1,\"name\":\"Home\",\"item\":\"https:\/\/umetnostbogastva.com\/vb\/\"},{\"@type\":\"ListItem\",\"position\":2,\"name\":\"Urgentni webinar &#8211; prijava-je-uspesna\"}]},{\"@type\":\"WebSite\",\"@id\":\"https:\/\/umetnostbogastva.com\/vb\/#website\",\"url\":\"https:\/\/umetnostbogastva.com\/vb\/\",\"name\":\"Umetnost bogastva\",\"description\":\"UMETNOST BOGASTVA v 7 stopnjah  za obi\u010dajne ljudi \",\"potentialAction\":[{\"@type\":\"SearchAction\",\"target\":{\"@type\":\"EntryPoint\",\"urlTemplate\":\"https:\/\/umetnostbogastva.com\/vb\/?s={search_term_string}\"},\"query-input\":\"required name=search_term_string\"}],\"inLanguage\":\"sl-SI\"}]}<\/script>\n<!-- \/ Yoast SEO plugin. -->","yoast_head_json":{"title":"Urgentni webinar - prijava-je-uspesna - Umetnost bogastva","robots":{"index":"index","follow":"follow","max-snippet":"max-snippet:-1","max-image-preview":"max-image-preview:large","max-video-preview":"max-video-preview:-1"},"canonical":"https:\/\/umetnostbogastva.com\/vb\/prijava-je-uspesna\/","og_locale":"sl_SI","og_type":"article","og_title":"Urgentni webinar - prijava-je-uspesna - Umetnost bogastva","og_description":"\u010cestitamo. Uspe\u0161no ste se prijavili na webinar Umetnost bogastva. \u017delite izvedeti VSE, kar morajo narediti obi\u010dajni ljudje v krizi, da re\u0161ijo svoje prihranke in naredijo prave poteze za svoj prvi milijon? Izvedite vse Copyright 2021 | Umetnost bogastva | Splo\u0161ni pogoji poslovanja&nbsp;|&nbsp;PRAVILNIK O VAROVANJU OSEBNIH PODATKOV | POLITIKA VARSTVA OSEBNIH PODATKOV Vsi izra\u010duni in rezultati [&hellip;]","og_url":"https:\/\/umetnostbogastva.com\/vb\/prijava-je-uspesna\/","og_site_name":"Umetnost bogastva","article_modified_time":"2021-12-14T11:45:55+00:00","twitter_card":"summary_large_image","twitter_misc":{"Est. reading time":"1 minuta"},"schema":{"@context":"https:\/\/schema.org","@graph":[{"@type":"WebPage","@id":"https:\/\/umetnostbogastva.com\/vb\/prijava-je-uspesna\/","url":"https:\/\/umetnostbogastva.com\/vb\/prijava-je-uspesna\/","name":"Urgentni webinar - prijava-je-uspesna - Umetnost bogastva","isPartOf":{"@id":"https:\/\/umetnostbogastva.com\/vb\/#website"},"datePublished":"2021-11-29T06:55:07+00:00","dateModified":"2021-12-14T11:45:55+00:00","breadcrumb":{"@id":"https:\/\/umetnostbogastva.com\/vb\/prijava-je-uspesna\/#breadcrumb"},"inLanguage":"sl-SI","potentialAction":[{"@type":"ReadAction","target":["https:\/\/umetnostbogastva.com\/vb\/prijava-je-uspesna\/"]}]},{"@type":"BreadcrumbList","@id":"https:\/\/umetnostbogastva.com\/vb\/prijava-je-uspesna\/#breadcrumb","itemListElement":[{"@type":"ListItem","position":1,"name":"Home","item":"https:\/\/umetnostbogastva.com\/vb\/"},{"@type":"ListItem","position":2,"name":"Urgentni webinar &#8211; prijava-je-uspesna"}]},{"@type":"WebSite","@id":"https:\/\/umetnostbogastva.com\/vb\/#website","url":"https:\/\/umetnostbogastva.com\/vb\/","name":"Umetnost bogastva","description":"UMETNOST BOGASTVA v 7 stopnjah  za obi\u010dajne ljudi ","potentialAction":[{"@type":"SearchAction","target":{"@type":"EntryPoint","urlTemplate":"https:\/\/umetnostbogastva.com\/vb\/?s={search_term_string}"},"query-input":"required name=search_term_string"}],"inLanguage":"sl-SI"}]}},"_links":{"self":[{"href":"https:\/\/umetnostbogastva.com\/vb\/wp-json\/wp\/v2\/pages\/1057","targetHints":{"allow":["GET"]}}],"collection":[{"href":"https:\/\/umetnostbogastva.com\/vb\/wp-json\/wp\/v2\/pages"}],"about":[{"href":"https:\/\/umetnostbogastva.com\/vb\/wp-json\/wp\/v2\/types\/page"}],"author":[{"embeddable":true,"href":"https:\/\/umetnostbogastva.com\/vb\/wp-json\/wp\/v2\/users\/1"}],"replies":[{"embeddable":true,"href":"https:\/\/umetnostbogastva.com\/vb\/wp-json\/wp\/v2\/comments?post=1057"}],"version-history":[{"count":9,"href":"https:\/\/umetnostbogastva.com\/vb\/wp-json\/wp\/v2\/pages\/1057\/revisions"}],"predecessor-version":[{"id":4898,"href":"https:\/\/umetnostbogastva.com\/vb\/wp-json\/wp\/v2\/pages\/1057\/revisions\/4898"}],"wp:attachment":[{"href":"https:\/\/umetnostbogastva.com\/vb\/wp-json\/wp\/v2\/media?parent=1057"}],"curies":[{"name":"wp","href":"https:\/\/api.w.org\/{rel}","templated":true}]}}